{"id":859,"date":"2017-01-27T17:15:36","date_gmt":"2017-01-27T17:15:36","guid":{"rendered":"http:\/\/wedding-planner.freevision.me\/?page_id=859"},"modified":"2023-11-28T21:26:27","modified_gmt":"2023-11-28T21:26:27","slug":"home","status":"publish","type":"page","link":"https:\/\/chateauchatelard.ch\/FR\/","title":{"rendered":"Location pour mariage"},"content":{"rendered":"<p>[vc_row full_width=\u00a0\u00bbstretch_row_content_no_spaces\u00a0\u00bb bottom_arrow=\u00a0\u00bbon\u00a0\u00bb css=\u00a0\u00bb.vc_custom_1485808453733{margin-top: 0px !important;margin-right: 0px !important;margin-bottom: 0px !important;margin-left: 0px !important;padding-top: 0px !important;padding-right: 0px !important;padding-bottom: 0px !important;padding-left: 0px !important;}\u00a0\u00bb][vc_column][rev_slider_vc alias=\u00a0\u00bbsingle_spot2&Prime;][\/vc_column][\/vc_row][vc_row css=\u00a0\u00bb.vc_custom_1485723276346{margin-top: 0px !important;padding-top: 0px !important;}\u00a0\u00bb][vc_column]<div id=\"ovd-31224\" class=\"ozy-vertical_divider wpb_content_element\"><span class=\"h2-size heading-font\"><\/span><\/div>[vc_column_text css=\u00a0\u00bb.vc_custom_1574087036390{padding-right: 10% !important;padding-left: 10% !important;}\u00a0\u00bb]<\/p>\n<h1 style=\"text-align: center;\">D\u00ceTES OUI \u00c0 L\u2019AVENTURE<\/h1>\n<p>[\/vc_column_text][\/vc_column][\/vc_row][vc_row css=\u00a0\u00bb.vc_custom_1572171357538{margin-bottom: 40px !important;}\u00a0\u00bb][vc_column width=\u00a0\u00bb1\/3&Prime;]<div id=\"tile-with-icon_icon2260\" class=\"title-with-icon-wrapper circle xlarge \" data-color=\"\">\r\n\t\t\t<div class=\"wpb_content_element title-with-icon clearfix margin-bottom-0 top-style\"><span  style=\"border-color:#c09e6f;color:#c09e6f !important;background-color:transparent !important;\" class=\"oic-fi2-notebook circle xlarge \" ><\/span><h3 style=\"color:#000000\">Louez un logement<\/h3>\r\n\t\t\t<\/div><div class=\"wpb_content_element top-cs title-with-icon-content xlarge clearfix\" style=\"color:#000000\"><\/p>\n<p style=\"text-align: center;\">Vous pouvez y rester tant que vous voulez. Un jour, une semaine ou un mois.\u00a0Louez en cliquant une seule fois.<\/p>\n<p><\/div><\/div>[\/vc_column][vc_column width=\u00a0\u00bb1\/3&Prime;]<div id=\"tile-with-icon_icon3869\" class=\"title-with-icon-wrapper circle xlarge \" data-color=\"\">\r\n\t\t\t<div class=\"wpb_content_element title-with-icon clearfix margin-bottom-0 top-style\"><span  style=\"border-color:#c09e6f;color:#c09e6f !important;background-color:transparent !important;\" class=\"oic-fi4-wedding-cake circle xlarge \" ><\/span><h3 style=\"color:#000000\">Organisez une partie dans les salles du ch\u00e2teau<\/h3>\r\n\t\t\t<\/div><div class=\"wpb_content_element top-cs title-with-icon-content xlarge clearfix\" style=\"color:#000000\"><\/p>\n<p style=\"text-align: center;\">Pr\u00e9cisez le menu avec le chef, dansez et la f\u00eate restera longtemps dans votre m\u00e9moire.<\/p>\n<p><\/div><\/div>[\/vc_column][vc_column width=\u00a0\u00bb1\/3&Prime;]<div id=\"tile-with-icon_icon1403\" class=\"title-with-icon-wrapper circle xlarge \" data-color=\"\">\r\n\t\t\t<div class=\"wpb_content_element title-with-icon clearfix margin-bottom-0 top-style\"><span  style=\"border-color:#c09e6f;color:#c09e6f !important;background-color:transparent !important;\" class=\"oic-fi2-wedding-location circle xlarge \" ><\/span><h3 style=\"color:#000000\">Transportez-vous au Moyen Age<\/h3>\r\n\t\t\t<\/div><div class=\"wpb_content_element top-cs title-with-icon-content xlarge clearfix\" style=\"color:#000000\"><\/p>\n<p style=\"text-align: center;\">Savourez le parfum des fleurs et des plantes, faites le tour du ch\u00e2teau avec un photographe pour prendre de belles photos.<\/p>\n<p><\/div><\/div>[\/vc_column][\/vc_row][vc_row css=\u00a0\u00bb.vc_custom_1485765698288{margin-top: 0px !important;}\u00a0\u00bb][vc_column]<div id=\"ovd-19825\" class=\"ozy-vertical_divider wpb_content_element\"><span class=\"h2-size heading-font\"><\/span><\/div>[vc_column_text css=\u00a0\u00bb.vc_custom_1574088644203{margin-bottom: 0px !important;padding-bottom: 0px !important;}\u00a0\u00bb]<\/p>\n<h1 style=\"text-align: center;\">Qui sommes-nous et que nous faisons<\/h1>\n<p>[\/vc_column_text][vc_column_text css=\u00a0\u00bb.vc_custom_1628759082581{margin-top: 0px !important;padding-right: 15% !important;padding-left: 15% !important;}\u00a0\u00bb]<\/p>\n<p style=\"text-align: center;\">Nous louons des maisons et nous le faisons avec passion. Nos managers sont des experts qui vous aideront \u00e0 trouver une bonne solution pour votre week-end, ils r\u00e9pondront \u00e0 toutes vos questions et exauceront \u00e0 merveille vos v\u0153ux. Nous offrons un service de haute qualit\u00e9, gr\u00e2ce \u00e0 notre pr\u00e9sence de longue date dans ce milieu. Nous avons choisi pour vous les meilleures demeures et les maisons les plus raffin\u00e9es, que nous avons v\u00e9rifi\u00e9es minutieusement. Bienvenue dans votre nouvelle maison ! Vous d\u00e9couvrirez la v\u00e9ritable hospitalit\u00e9 suisse, et en plus des chambres larges et confortables, vous serez charm\u00e9s par des vues \u00e0 couper le souffle. Vous n\u2019oublierez jamais cette exp\u00e9rience.<\/p>\n<p>[\/vc_column_text][\/vc_column][\/vc_row][vc_row css=\u00a0\u00bb.vc_custom_1568109659990{margin-bottom: 60px !important;}\u00a0\u00bb][vc_column width=\u00a0\u00bb1\/3&Prime;]<div id=\"osrvbx-97456\" class=\"ozy-service_box box-size-regular  wpb_animate_when_almost_visible wpb_fadeIn fadeIn wpb_start_animation animated \">\n<div style=\"background-image:url(https:\/\/chateauchatelard.ch\/wp-content\/uploads\/2020\/01\/Hall-big-7.png);\"><\/div><div class=\"caption\"><a ><h2><\/h2><p><\/p><\/a><\/div>\n<\/div>\n<div id=\"osrvbx-83006\" class=\"ozy-service_box box-size-regular  wpb_animate_when_almost_visible wpb_fadeIn fadeIn wpb_start_animation animated \">\n<div style=\"background-image:url(https:\/\/chateauchatelard.ch\/wp-content\/uploads\/2019\/09\/DJI_0064-2.jpg);\"><\/div><div class=\"caption\"><a ><h2><\/h2><p><\/p><\/a><\/div>\n<\/div>\n<div id=\"osrvbx-23647\" class=\"ozy-service_box box-size-regular  wpb_animate_when_almost_visible wpb_fadeIn fadeIn wpb_start_animation animated \">\n<div style=\"background-image:url(https:\/\/chateauchatelard.ch\/wp-content\/uploads\/2021\/02\/10-min-1.png);\"><\/div><div class=\"caption\"><a ><h2><\/h2><p><\/p><\/a><\/div>\n<\/div>\n[\/vc_column][vc_column width=\u00a0\u00bb1\/3&Prime;]<div id=\"osrvbx-99045\" class=\"ozy-service_box box-size-tall \">\n<div style=\"background-image:url(https:\/\/chateauchatelard.ch\/wp-content\/uploads\/2019\/09\/\u0421\u043d\u0438\u043c\u043e\u043a-\u044d\u043a\u0440\u0430\u043d\u0430-2019-09-10-\u0432-14.56.29.png);\"><\/div><div class=\"caption\"><a ><h2><\/h2><p><\/p><\/a><\/div>\n<\/div>\n<div id=\"osrvbx-22901\" class=\"ozy-service_box box-size-regular  wpb_animate_when_almost_visible wpb_fadeIn fadeIn wpb_start_animation animated \">\n<div style=\"background-image:url(https:\/\/chateauchatelard.ch\/wp-content\/uploads\/2021\/02\/598A4760-HDR.png);\"><\/div><div class=\"caption\"><a ><h2><\/h2><p><\/p><\/a><\/div>\n<\/div>\n[\/vc_column][vc_column width=\u00a0\u00bb1\/3&Prime;]<div id=\"osrvbx-44544\" class=\"ozy-service_box box-size-regular \">\n<div style=\"background-image:url(https:\/\/chateauchatelard.ch\/wp-content\/uploads\/2019\/09\/DJI_0051-2.jpg);\"><\/div><div class=\"caption\"><a ><h2><\/h2><p><\/p><\/a><\/div>\n<\/div>\n<div id=\"osrvbx-82116\" class=\"ozy-service_box box-size-regular \">\n<div style=\"background-image:url(https:\/\/chateauchatelard.ch\/wp-content\/uploads\/2020\/01\/Hall-small-4.png);\"><\/div><div class=\"caption\"><a ><h2><\/h2><p><\/p><\/a><\/div>\n<\/div>\n<div id=\"osrvbx-96248\" class=\"ozy-service_box box-size-regular \">\n<div style=\"background-image:url(https:\/\/chateauchatelard.ch\/wp-content\/uploads\/2021\/02\/9s-min.png);\"><\/div><div class=\"caption\"><a ><h2><\/h2><p><\/p><\/a><\/div>\n<\/div>\n[\/vc_column][\/vc_row][vc_row full_width=\u00a0\u00bbstretch_row_content\u00a0\u00bb css=\u00a0\u00bb.vc_custom_1487269841334{margin-top: 0px !important;margin-bottom: 0px !important;padding-top: 100px !important;padding-right: 10% !important;padding-bottom: 100px !important;padding-left: 10% !important;}\u00a0\u00bb][vc_column][vc_custom_heading text=\u00a0\u00bbLE CH\u00c2TEAU \u2013 UNE DEMEURE SEIGNEURIALE\u00a0\u00bb font_container=\u00a0\u00bbtag:h1|text_align:center\u00a0\u00bb use_theme_fonts=\u00a0\u00bbyes\u00a0\u00bb][vc_custom_heading text=\u00a0\u00bbLes appartements du ch\u00e2teau vont devenir votre demeure pour un bout de temps. Choisissez un appartement qui vous plait.\u00a0\u00bb font_container=\u00a0\u00bbtag:h4|text_align:center\u00a0\u00bb use_theme_fonts=\u00a0\u00bbyes\u00a0\u00bb css=\u00a0\u00bb.vc_custom_1574088661949{padding-right: 20% !important;padding-left: 20% !important;}\u00a0\u00bb][vc_empty_space height=\u00a0\u00bb60px\u00a0\u00bb][vc_row_inner css=\u00a0\u00bb.vc_custom_1487270117277{margin-top: 30px !important;}\u00a0\u00bb][vc_column_inner width=\u00a0\u00bb1\/2&Prime;]<div class=\"ozy-call-to-action-box \" style=\"background-image:url(https:\/\/chateauchatelard.ch\/wp-content\/uploads\/2021\/02\/598A4760-HDR.png);height:360px\"><div class=\"shadow-wrapper\"><\/div><div class=\"overlay-wrapper\"><h2>Antique apartment in the XV century Castle<\/h2><span class=\"shared-border-color\"><\/span><a href=\"https:\/\/chateauchatelard.ch\/portfolio\/d3\/\" target=\"_self\" class=\"heading-font\">VOIR PLUS \u2192<\/a><\/div><\/div>[vc_empty_space height=\u00a0\u00bb30px\u00a0\u00bb]<div class=\"ozy-call-to-action-box \" style=\"background-image:url(https:\/\/chateauchatelard.ch\/wp-content\/uploads\/2020\/01\/\u0414\u0436\u0443\u043b\u044c\u0435\u0442\u0442\u0430-4.png);height:360px\"><div class=\"shadow-wrapper\"><\/div><div class=\"overlay-wrapper\"><h2>Appartement M\u00e9di\u00e9val Juliette<\/h2><span class=\"shared-border-color\"><\/span><a href=\"https:\/\/chateauchatelard.ch\/FR\/portfolio\/medieval-apartment-juliette\/\" target=\"_self\" class=\"heading-font\">VOIR PLUS \u2192<\/a><\/div><\/div>[vc_empty_space height=\u00a0\u00bb30px\u00a0\u00bb]<div class=\"ozy-call-to-action-box \" style=\"background-image:url(https:\/\/chateauchatelard.ch\/wp-content\/uploads\/2019\/10\/598A3054-\u043a\u043e\u043f\u0438\u044f.jpg);height:360px\"><div class=\"shadow-wrapper\"><\/div><div class=\"overlay-wrapper\"><h2>Ch\u00e2teau du Ch\u00e2telard \u2013 Montreux Castle<\/h2><span class=\"shared-border-color\"><\/span><a href=\"https:\/\/chateauchatelard.ch\/en\/portfolio\/east\/\" target=\"_self\" class=\"heading-font\">VOIR PLUS \u2192<\/a><\/div><\/div>[vc_empty_space height=\u00a0\u00bb30px\u00a0\u00bb]<div class=\"ozy-call-to-action-box \" style=\"background-image:url(https:\/\/chateauchatelard.ch\/wp-content\/uploads\/2020\/01\/8-min.png);height:360px\"><div class=\"shadow-wrapper\"><\/div><div class=\"overlay-wrapper\"><h2>Montreux Castle \u2013 Ch\u00e2teau du Ch\u00e2telard<\/h2><span class=\"shared-border-color\"><\/span><a href=\"https:\/\/chateauchatelard.ch\/en\/portfolio\/eric\/\" target=\"_self\" class=\"heading-font\">VOIR PLUS \u2192<\/a><\/div><\/div>[vc_empty_space height=\u00a0\u00bb30px\u00a0\u00bb]<div class=\"ozy-call-to-action-box \" style=\"background-image:url(https:\/\/chateauchatelard.ch\/wp-content\/uploads\/2019\/10\/3.png);height:360px\"><div class=\"shadow-wrapper\"><\/div><div class=\"overlay-wrapper\"><h2>Montreux Castle \u2013 Studio 2 Beds \u2013 Lake view terrace<\/h2><span class=\"shared-border-color\"><\/span><a href=\"https:\/\/chateauchatelard.ch\/en\/portfolio\/small-office\/\" target=\"_self\" class=\"heading-font\">VOIR PLUS \u2192<\/a><\/div><\/div>[\/vc_column_inner][vc_column_inner width=\u00a0\u00bb1\/2&Prime;]<div class=\"ozy-call-to-action-box \" style=\"background-image:url(https:\/\/chateauchatelard.ch\/wp-content\/uploads\/2021\/02\/9s-min.png);height:360px\"><div class=\"shadow-wrapper\"><\/div><div class=\"overlay-wrapper\"><h2>Authentic Middle Ages apartment in the Castle<\/h2><span class=\"shared-border-color\"><\/span><a href=\"https:\/\/chateauchatelard.ch\/en\/portfolio\/d4\/\" target=\"_self\" class=\"heading-font\">VOIR PLUS \u2192<\/a><\/div><\/div>[vc_empty_space height=\u00a0\u00bb30px\u00a0\u00bb]<div class=\"ozy-call-to-action-box \" style=\"background-image:url(https:\/\/chateauchatelard.ch\/wp-content\/uploads\/2021\/02\/1-min-1.png);height:360px\"><div class=\"shadow-wrapper\"><\/div><div class=\"overlay-wrapper\"><h2>A castle spirit apartment in Ch\u00e2teau du Ch\u00e2telard<\/h2><span class=\"shared-border-color\"><\/span><a href=\"https:\/\/chateauchatelard.ch\/portfolio\/carlo\/\" target=\"_self\" class=\"heading-font\">VOIR PLUS \u2192<\/a><\/div><\/div>[vc_empty_space height=\u00a0\u00bb30px\u00a0\u00bb]<div class=\"ozy-call-to-action-box \" style=\"background-image:url(https:\/\/chateauchatelard.ch\/wp-content\/uploads\/2019\/10\/8.png);height:360px\"><div class=\"shadow-wrapper\"><\/div><div class=\"overlay-wrapper\"><h2>Appt 2 Bedroom \u2013 Ch\u00e2teau du Ch\u00e2telard<\/h2><span class=\"shared-border-color\"><\/span><a href=\"https:\/\/chateauchatelard.ch\/en\/portfolio\/guest\/\" target=\"_self\" class=\"heading-font\">VOIR PLUS \u2192<\/a><\/div><\/div>[vc_empty_space height=\u00a0\u00bb30px\u00a0\u00bb]<div class=\"ozy-call-to-action-box \" style=\"background-image:url(https:\/\/chateauchatelard.ch\/wp-content\/uploads\/2021\/02\/IMG_6510-min.png);height:360px\"><div class=\"shadow-wrapper\"><\/div><div class=\"overlay-wrapper\"><h2>Brilliant apartment in Ch\u00e2teau du Ch\u00e2telard<\/h2><span class=\"shared-border-color\"><\/span><a href=\"https:\/\/chateauchatelard.ch\/portfolio\/chik\/\" target=\"_self\" class=\"heading-font\">VOIR PLUS \u2192<\/a><\/div><\/div>[\/vc_column_inner][\/vc_row_inner][\/vc_column][\/vc_row][vc_row full_width=\u00a0\u00bbstretch_row\u00a0\u00bb css=\u00a0\u00bb.vc_custom_1485808551995{margin-top: 0px !important;margin-bottom: 0px !important;padding-top: 100px !important;padding-bottom: 100px !important;background-image: url(https:\/\/s3-eu-west-1.amazonaws.com\/wedding-planner\/uploads\/01\/floral_pattern.png?id=826) !important;background-position: 0 0 !important;background-repeat: repeat !important;}\u00a0\u00bb][vc_column column_use_custom_typography_align=\u00a0\u00bbcenter\u00a0\u00bb][vc_single_image image=\u00a0\u00bb97&Prime; img_size=\u00a0\u00bbfull\u00a0\u00bb alignment=\u00a0\u00bbcenter\u00a0\u00bb][vc_custom_heading text=\u00a0\u00bbVoici ce que nos clients disent\u00a0\u00bb font_container=\u00a0\u00bbtag:h1|text_align:center|color:%23000000&Prime; use_theme_fonts=\u00a0\u00bbyes\u00a0\u00bb]<div class=\"carousel single wpb_content_element flickity-carousel  item-count-1\" data-flickity='{ \"pageDots\": true, \"prevNextButtons\": true, \"groupCells\": false, \"contain\" : true, \"cellAlign\": \"left\", \"adaptiveHeight\": false, \"imagesLoaded\": true, \"setGallerySize\": true, \"autoPlay\": 3000 }'>\n<div class=\"ozy-caroseul_item testimonial carousel-cell \">\n<div class=\"testimonial\">\n<p class=\"testimonial-quote heading-font\">Amazing Castle in Montreux. You can RBNB !!!!! It&#039;s formidable.<\/p>\n<span class=\"testimonial-author content-color heading-font\">Marko Aleks<\/span>\n<\/div>\n<\/div>\n\n<div class=\"ozy-caroseul_item testimonial carousel-cell \">\n<div class=\"testimonial\">\n<p class=\"testimonial-quote heading-font\">Brilliant property, 20 minutes walk from the Montreux promenade. Its Grand to say the least. There&#039;s no restaurant yet, but they said it&#039;s be there in a couple of months. The caretaker was very helpful. Great amenities. Beautiful old fashioned furniture. Also, had a huge kitchen with all modern amenities. Feels a little creepy at night though. Book it. \ud83d\ude42<\/p>\n<span class=\"testimonial-author content-color heading-font\">Paramjeet Singh Bhalla<\/span>\n<\/div>\n<\/div>\n\n<div class=\"ozy-caroseul_item testimonial carousel-cell \">\n<div class=\"testimonial\">\n<p class=\"testimonial-quote heading-font\">Amazing view. The castle is full of life and life of that time. The feeling that you got in the time of Pierre II of Savoy. I did not want to leave. The castle has a very relaxing atmosphere.<\/p>\n<span class=\"testimonial-author content-color heading-font\">Natalya Baulina<\/span>\n<\/div>\n<\/div>\n<\/div><span  id=\"wofcb-23730\" class=\"ozy-custom_button_w\"><a id=\"ofcb-23730\" class=\"ozy-custom_button ocbtn-1\"  href=\"http:\/\/chateauchatelard.ch\/about-castle\/\"  target=\"\" >VOIR TOUS LES TEMOIGNAGES<\/a><\/span><span  id=\"wofcb-16348\" class=\"ozy-custom_button_w\"><a id=\"ofcb-16348\" class=\"ozy-custom_button ocbtn-6\"  href=\"http:\/\/chateauchatelard.ch\/contact\/\"  target=\"\" >LAISSEZ UN COMMENTAIRE<span><\/span><\/a><\/span>[\/vc_column][\/vc_row]<\/p>","protected":false},"excerpt":{"rendered":"<p>[vc_row full_width=\u00a0\u00bbstretch_row_content_no_spaces\u00a0\u00bb bottom_arrow=\u00a0\u00bbon\u00a0\u00bb css=\u00a0\u00bb.vc_custom_1485808453733{margin-top: 0px !important;margin-right: 0px !important;margin-bottom: 0px !important;margin-left: 0px !important;padding-top: 0px !important;padding-right: 0px !important;padding-bottom: 0px !important;padding-left: 0px !important;}\u00a0\u00bb][vc_column][rev_slider_vc alias=\u00a0\u00bbsingle_spot2&Prime;][\/vc_column][\/vc_row][vc_row css=\u00a0\u00bb.vc_custom_1485723276346{margin-top: 0px !important;padding-top: 0px !important;}\u00a0\u00bb][vc_column][vc_column_text css=\u00a0\u00bb.vc_custom_1574087036390{padding-right: 10% !important;padding-left: 10% [&hellip;]<\/p>\n","protected":false},"author":1,"featured_media":0,"parent":0,"menu_order":0,"comment_status":"closed","ping_status":"closed","template":"","meta":[],"_links":{"self":[{"href":"https:\/\/chateauchatelard.ch\/FR\/wp-json\/wp\/v2\/pages\/859"}],"collection":[{"href":"https:\/\/chateauchatelard.ch\/FR\/wp-json\/wp\/v2\/pages"}],"about":[{"href":"https:\/\/chateauchatelard.ch\/FR\/wp-json\/wp\/v2\/types\/page"}],"author":[{"embeddable":true,"href":"https:\/\/chateauchatelard.ch\/FR\/wp-json\/wp\/v2\/users\/1"}],"replies":[{"embeddable":true,"href":"https:\/\/chateauchatelard.ch\/FR\/wp-json\/wp\/v2\/comments?post=859"}],"version-history":[{"count":66,"href":"https:\/\/chateauchatelard.ch\/FR\/wp-json\/wp\/v2\/pages\/859\/revisions"}],"predecessor-version":[{"id":2477,"href":"https:\/\/chateauchatelard.ch\/FR\/wp-json\/wp\/v2\/pages\/859\/revisions\/2477"}],"wp:attachment":[{"href":"https:\/\/chateauchatelard.ch\/FR\/wp-json\/wp\/v2\/media?parent=859"}],"curies":[{"name":"wp","href":"https:\/\/api.w.org\/{rel}","templated":true}]}}