{"id":376,"date":"2017-01-22T15:34:01","date_gmt":"2017-01-22T15:34:01","guid":{"rendered":"http:\/\/wedding-planner.freevision.me\/?page_id=376"},"modified":"2020-02-05T16:01:31","modified_gmt":"2020-02-05T16:01:31","slug":"location","status":"publish","type":"page","link":"https:\/\/chateauchatelard.ch\/FR\/location\/","title":{"rendered":"LOCATION"},"content":{"rendered":"<p><\/p>\n<p>[vc_row full_width=\u00a0\u00bbstretch_row\u00a0\u00bb full_height=\u00a0\u00bbyes\u00a0\u00bb content_placement=\u00a0\u00bbmiddle\u00a0\u00bb css=\u00a0\u00bb.vc_custom_1570452160862{margin-top: 0px !important;margin-right: 0px !important;margin-bottom: 0px !important;margin-left: 0px !important;background-image: url(http:\/\/chateauchatelard.ch\/wp-content\/uploads\/2019\/10\/xavier-von-erlach-DWuxIIkAAEE-unsplash.jpg?id=1900) !important;background-position: center !important;background-repeat: no-repeat !important;background-size: cover !important;}\u00a0\u00bb][vc_column][vc_row_inner][vc_column_inner width=\u00a0\u00bb1\/2&Prime; css=\u00a0\u00bb.vc_custom_1485100064228{padding-top: 15% !important;padding-right: 15% !important;padding-bottom: 15% !important;padding-left: 15% !important;background-color: #ffffff !important;}\u00a0\u00bb]<h3 class=\"ozy-divider-cap-left wpb_content_element \"  style=\"color:#c09e6f\" >Bienvenue \u00e0 Montreux<\/h3><div class=\"ozy-content-divider \" style=\"border-top-style:solid;border-top-width:2px;border-top-color:#c09e6f!important;width:40px;max-width:40px;left:0;\"><\/div>[vc_custom_heading text=\u00a0\u00bbCapitale de la Riviera Suisse, avec un climat temp\u00e9r\u00e9 et du bon vin. On est pas press\u00e9 \u00e0 Montreux une fa\u00e7on comme une autre de joindre l\u2019utile \u00e0 l\u2019agr\u00e9able\u2026. air lacustre et vues pittoresques.\u00a0\u00bb font_container=\u00a0\u00bbtag:h5|text_align:left|color:%23000000&Prime; use_theme_fonts=\u00a0\u00bbyes\u00a0\u00bb css=\u00a0\u00bb.vc_custom_1574088324230{margin-top: 30px !important;}\u00a0\u00bb][\/vc_column_inner][vc_column_inner width=\u00a0\u00bb1\/2&Prime;][\/vc_column_inner][\/vc_row_inner][\/vc_column][\/vc_row][vc_row full_width=\u00a0\u00bbstretch_row_content\u00a0\u00bb css=\u00a0\u00bb.vc_custom_1570370562548{margin-top: 0px !important;margin-bottom: 0px !important;padding-top: 100px !important;padding-bottom: 50px !important;background-position: 0 0 !important;background-repeat: repeat !important;}\u00a0\u00bb][vc_column width=\u00a0\u00bb1\/2&Prime;]<div id=\"fancy-hover-box-8143\" class=\"fancy-hover-box \"><a ><img src=\"https:\/\/chateauchatelard.ch\/wp-content\/uploads\/2019\/10\/xavier-von-erlach-7phXdCjkPz0-unsplash.jpg\" alt=\"\"\/><span class=\"name heading-font h2-size\"><span class=\"title content-font\"><\/span><\/span><\/a><\/div>[vc_row_inner css=\u00a0\u00bb.vc_custom_1485524046060{margin-top: 60px !important;padding-right: 25% !important;padding-left: 25% !important;}\u00a0\u00bb][vc_column_inner][vc_single_image image=\u00a0\u00bb842&Prime; img_size=\u00a0\u00bbfull\u00a0\u00bb alignment=\u00a0\u00bbcenter\u00a0\u00bb css=\u00a0\u00bb.vc_custom_1485523974313{margin-bottom: 0px !important;padding-bottom: 0px !important;}\u00a0\u00bb][vc_custom_heading text=\u00a0\u00bbDISTRACTIONS\u00a0\u00bb font_container=\u00a0\u00bbtag:h5|text_align:left|color:%23c09e6f\u00a0\u00bb use_theme_fonts=\u00a0\u00bbyes\u00a0\u00bb css=\u00a0\u00bb.vc_custom_1574088135631{margin-bottom: 0px !important;padding-bottom: 0px !important;}\u00a0\u00bb][vc_custom_heading text=\u00a0\u00bbVIVEZ AVEC LE JAZZ!\u00a0\u00bb font_container=\u00a0\u00bbtag:h1|text_align:left|color:%23000000|line_height:40px\u00a0\u00bb use_theme_fonts=\u00a0\u00bbyes\u00a0\u00bb css=\u00a0\u00bb.vc_custom_1574088144892{margin-bottom: 0px !important;padding-bottom: 0px !important;}\u00a0\u00bb][vc_column_text css=\u00a0\u00bb.vc_custom_1574088153993{margin-bottom: 0px !important;padding-top: 20px !important;padding-bottom: 0px !important;}\u00a0\u00bb]Chaque \u00e9t\u00e9 Montreux devient La Mecque du jazz en Suisse. En descendant les quais du lac vous entendez des sons du jazz sortir de partout : fen\u00eatres des maisons, restaurants et sc\u00e8nes ouvertes bien \u00e9videment. Mais les autres saisons ont aussi des sons et des bruits tout \u00e0 fait particuliers : chants d\u2019oiseaux, bruits des vagues et le silence. Vous n\u2019avez jamais essay\u00e9 d\u2019\u00e9couter le silence ?<\/p>\n<p>Louez un logement au ch\u00e2teau du Ch\u00e2telard, contemplez la vue de Montreux du haut de la colline et reposez-vous.[\/vc_column_text]<span  id=\"wofcb-60103\" class=\"ozy-custom_button_w\"><a id=\"ofcb-60103\" class=\"ozy-custom_button ocbtn-6\"  href=\"https:\/\/www.airbnb.com\/users\/179365953\/listings?user_id=250303144&#038;s=50\"  target=\"\" >R\u00c9SERVATION<span><\/span><\/a><\/span>[\/vc_column_inner][\/vc_row_inner][\/vc_column][vc_column width=\u00a0\u00bb1\/2&Prime;][vc_row_inner css=\u00a0\u00bb.vc_custom_1485519462992{padding-right: 15% !important;padding-left: 15% !important;}\u00a0\u00bb][vc_column_inner][vc_custom_heading text=\u00a0\u00bbLE JOYAU DU LAC L\u00c9MAN\u00a0\u00bb font_container=\u00a0\u00bbtag:h5|text_align:left|color:%23c09e6f\u00a0\u00bb use_theme_fonts=\u00a0\u00bbyes\u00a0\u00bb css=\u00a0\u00bb.vc_custom_1574088094288{margin-bottom: 0px !important;padding-bottom: 0px !important;}\u00a0\u00bb][vc_custom_heading text=\u00a0\u00bbMONTREUX D\u00c9PART DES BATEAUX-MOUCHES!\u00a0\u00bb font_container=\u00a0\u00bbtag:h1|font_size:80|text_align:left|color:%23000000|line_height:86px\u00a0\u00bb use_theme_fonts=\u00a0\u00bbyes\u00a0\u00bb][vc_column_text css=\u00a0\u00bb.vc_custom_1574088119487{margin-bottom: 0px !important;padding-bottom: 0px !important;}\u00a0\u00bb]Vous \u00eates sur le bateau en plein milieu du lac et vous sentez vos cheveux flotter dans les caresses de la brize. Les reflets du soleil jouent sur la surface du lac. Vous entendez des cris lointains pouss\u00e9s par des mouettes et vous n\u2019\u00eates pas press\u00e9. C\u2019est le paradis.[\/vc_column_text][\/vc_column_inner][\/vc_row_inner][vc_row_inner css=\u00a0\u00bb.vc_custom_1570369319762{margin-top: 60px !important;padding-right: 10% !important;padding-left: 10% !important;}\u00a0\u00bb][vc_column_inner]<div id=\"fancy-hover-box-6265\" class=\"fancy-hover-box \"><a ><img src=\"https:\/\/chateauchatelard.ch\/wp-content\/uploads\/2019\/10\/armand-khoury-4qr3dUPTpOc-unsplash.jpg\" alt=\"\"\/><span class=\"name heading-font h2-size\"><span class=\"title content-font\"><\/span><\/span><\/a><\/div>[\/vc_column_inner][\/vc_row_inner][\/vc_column][\/vc_row]<\/p>\n<p><\/p>","protected":false},"excerpt":{"rendered":"<p>[vc_row full_width=\u00a0\u00bbstretch_row\u00a0\u00bb full_height=\u00a0\u00bbyes\u00a0\u00bb content_placement=\u00a0\u00bbmiddle\u00a0\u00bb css=\u00a0\u00bb.vc_custom_1570452160862{margin-top: 0px !important;margin-right: 0px !important;margin-bottom: 0px !important;margin-left: 0px !important;background-image: url(http:\/\/chateauchatelard.ch\/wp-content\/uploads\/2019\/10\/xavier-von-erlach-DWuxIIkAAEE-unsplash.jpg?id=1900) !important;background-position: center !important;background-repeat: no-repeat !important;background-size: cover !important;}\u00a0\u00bb][vc_column][vc_row_inner][vc_column_inner width=\u00a0\u00bb1\/2&Prime; css=\u00a0\u00bb.vc_custom_1485100064228{padding-top: 15% !important;padding-right: 15% !important;padding-bottom: 15% !important;padding-left: 15% [&hellip;]<\/p>\n","protected":false},"author":1,"featured_media":0,"parent":0,"menu_order":0,"comment_status":"closed","ping_status":"closed","template":"","meta":[],"_links":{"self":[{"href":"https:\/\/chateauchatelard.ch\/FR\/wp-json\/wp\/v2\/pages\/376"}],"collection":[{"href":"https:\/\/chateauchatelard.ch\/FR\/wp-json\/wp\/v2\/pages"}],"about":[{"href":"https:\/\/chateauchatelard.ch\/FR\/wp-json\/wp\/v2\/types\/page"}],"author":[{"embeddable":true,"href":"https:\/\/chateauchatelard.ch\/FR\/wp-json\/wp\/v2\/users\/1"}],"replies":[{"embeddable":true,"href":"https:\/\/chateauchatelard.ch\/FR\/wp-json\/wp\/v2\/comments?post=376"}],"version-history":[{"count":45,"href":"https:\/\/chateauchatelard.ch\/FR\/wp-json\/wp\/v2\/pages\/376\/revisions"}],"predecessor-version":[{"id":2374,"href":"https:\/\/chateauchatelard.ch\/FR\/wp-json\/wp\/v2\/pages\/376\/revisions\/2374"}],"wp:attachment":[{"href":"https:\/\/chateauchatelard.ch\/FR\/wp-json\/wp\/v2\/media?parent=376"}],"curies":[{"name":"wp","href":"https:\/\/api.w.org\/{rel}","templated":true}]}}