{"id":207,"date":"2017-01-20T09:49:00","date_gmt":"2017-01-20T09:49:00","guid":{"rendered":"http:\/\/wedding-planner.freevision.me\/?page_id=207"},"modified":"2021-08-12T09:09:21","modified_gmt":"2021-08-12T09:09:21","slug":"about-castle","status":"publish","type":"page","link":"https:\/\/chateauchatelard.ch\/FR\/about-castle\/","title":{"rendered":"\u00c0 PROPOS DU CH\u00c2TEAU"},"content":{"rendered":"<p>[vc_row full_width=\u00a0\u00bbstretch_row_content\u00a0\u00bb css=\u00a0\u00bb.vc_custom_1570288087272{margin-top: 0px !important;margin-bottom: 0px !important;padding-top: 200px !important;padding-bottom: 100px !important;background-image: url(https:\/\/s3-eu-west-1.amazonaws.com\/wedding-planner\/uploads\/01\/floral_pattern.png?id=826) !important;background-position: 0 0 !important;background-repeat: repeat !important;}\u00a0\u00bb][vc_column width=\u00a0\u00bb1\/2&Prime;][vc_row_inner css=\u00a0\u00bb.vc_custom_1485519462992{padding-right: 15% !important;padding-left: 15% !important;}\u00a0\u00bb][vc_column_inner][vc_custom_heading text=\u00a0\u00bbBEAUX ENDROITS EN SUISSE\u00a0\u00bb font_container=\u00a0\u00bbtag:h5|text_align:left|color:%23c09e6f\u00a0\u00bb use_theme_fonts=\u00a0\u00bbyes\u00a0\u00bb css=\u00a0\u00bb.vc_custom_1574087657718{margin-bottom: 0px !important;padding-bottom: 0px !important;}\u00a0\u00bb][vc_custom_heading text=\u00a0\u00bbSPLENDEUR DE LA RIVIERA SUISSE\u00a0\u00bb font_container=\u00a0\u00bbtag:h1|font_size:75|text_align:left|color:%23000000|line_height:86px\u00a0\u00bb use_theme_fonts=\u00a0\u00bbyes\u00a0\u00bb][\/vc_column_inner][\/vc_row_inner][vc_row_inner css=\u00a0\u00bb.vc_custom_1572170658170{margin-top: 60px !important;padding-right: 15% !important;padding-left: 15% !important;}\u00a0\u00bb][vc_column_inner][vc_single_image image=\u00a0\u00bb1704&Prime; img_size=\u00a0\u00bbfull\u00a0\u00bb][\/vc_column_inner][\/vc_row_inner][vc_row_inner css=\u00a0\u00bb.vc_custom_1485524046060{margin-top: 60px !important;padding-right: 25% !important;padding-left: 25% !important;}\u00a0\u00bb][vc_column_inner][vc_single_image image=\u00a0\u00bb842&Prime; img_size=\u00a0\u00bbfull\u00a0\u00bb alignment=\u00a0\u00bbcenter\u00a0\u00bb css=\u00a0\u00bb.vc_custom_1485523974313{margin-bottom: 0px !important;padding-bottom: 0px !important;}\u00a0\u00bb][vc_custom_heading text=\u00a0\u00bbVOUS AUREZ TOUT CE QU\u2019IL FAUT\u00a0\u00bb font_container=\u00a0\u00bbtag:h5|text_align:left|color:%23c09e6f\u00a0\u00bb use_theme_fonts=\u00a0\u00bbyes\u00a0\u00bb css=\u00a0\u00bb.vc_custom_1574087679484{margin-bottom: 0px !important;padding-bottom: 0px !important;}\u00a0\u00bb][vc_custom_heading text=\u00a0\u00bbSERVICE COMPLET\u00a0\u00bb font_container=\u00a0\u00bbtag:h1|text_align:left|color:%23000000|line_height:40px\u00a0\u00bb use_theme_fonts=\u00a0\u00bbyes\u00a0\u00bb css=\u00a0\u00bb.vc_custom_1574087697261{margin-bottom: 0px !important;padding-bottom: 0px !important;}\u00a0\u00bb][vc_column_text css=\u00a0\u00bb.vc_custom_1574087709941{margin-bottom: 0px !important;padding-bottom: 0px !important;}\u00a0\u00bb]Le ch\u00e2teau du Ch\u00e2telard est une demeure pour vivre sans pr\u00eater attention aux d\u00e9tails.\u00a0Le confort des appartements, le donjon et les murs du 15-\u00e8me si\u00e8cle vous donnent une sensation d\u2019\u00eatre transport\u00e9 \u00a0dans une \u00e9poque romantique des chevaliers et des troubadours.[\/vc_column_text]<span  id=\"wofcb-4185\" class=\"ozy-custom_button_w\"><a id=\"ofcb-4185\" class=\"ozy-custom_button ocbtn-6\"  href=\"https:\/\/www.airbnb.com\/users\/179365953\/listings?user_id=250303144&#038;s=50\"  target=\"\" >EN SAVOIR PLUS<span><\/span><\/a><\/span>[\/vc_column_inner][\/vc_row_inner][\/vc_column][vc_column width=\u00a0\u00bb1\/2&Prime;][vc_single_image image=\u00a0\u00bb1703&Prime; img_size=\u00a0\u00bbfull\u00a0\u00bb][vc_row_inner css=\u00a0\u00bb.vc_custom_1572170566448{margin-top: 60px !important;padding-right: 25% !important;padding-left: 0px !important;}\u00a0\u00bb][vc_column_inner][vc_single_image image=\u00a0\u00bb1716&Prime; img_size=\u00a0\u00bbfull\u00a0\u00bb][\/vc_column_inner][\/vc_row_inner][\/vc_column][\/vc_row][vc_row full_width=\u00a0\u00bbstretch_row_content_no_spaces\u00a0\u00bb equal_height=\u00a0\u00bbyes\u00a0\u00bb content_placement=\u00a0\u00bbmiddle\u00a0\u00bb css=\u00a0\u00bb.vc_custom_1570120267561{margin-top: 0px !important;margin-bottom: 0px !important;}\u00a0\u00bb][vc_column width=\u00a0\u00bb1\/2&Prime; css=\u00a0\u00bb.vc_custom_1572170130791{padding-right: 15% !important;padding-left: 15% !important;background-color: #ffffff !important;}\u00a0\u00bb][vc_custom_heading text=\u00a0\u00bbUne vue superbe\u00a0\u00bb font_container=\u00a0\u00bbtag:h3|text_align:left|color:%23c09e6f\u00a0\u00bb use_theme_fonts=\u00a0\u00bbyes\u00a0\u00bb][vc_column_text]Se trouvant sur une colline comme la plupart des ch\u00e2teaux moyen\u00e2geux\u2026.. il est entour\u00e9 d\u2019un vignoble. Vous avez partout une vue splendide. En regardant par la fen\u00eatre du donjon vous voyez Montreux, un domaine viticole se trouvant au pied de la colline et les cimes des Alpes.[\/vc_column_text][\/vc_column][vc_column width=\u00a0\u00bb1\/2&Prime; css=\u00a0\u00bb.vc_custom_1484912654284{margin-top: 0px !important;margin-bottom: 0px !important;padding-top: 0px !important;padding-bottom: 0px !important;}\u00a0\u00bb][vc_row_inner css=\u00a0\u00bb.vc_custom_1484912646867{margin-top: 0px !important;margin-bottom: 0px !important;padding-top: 0px !important;padding-bottom: 0px !important;}\u00a0\u00bb][vc_column_inner][vc_single_image image=\u00a0\u00bb1706&Prime; img_size=\u00a0\u00bbfull\u00a0\u00bb alignment=\u00a0\u00bbcenter\u00a0\u00bb css=\u00a0\u00bb.vc_custom_1572170701772{margin-top: 0px !important;margin-right: 0px !important;margin-bottom: 0px !important;margin-left: 0px !important;padding-top: 0px !important;padding-right: 0px !important;padding-bottom: 0px !important;padding-left: 0px !important;}\u00a0\u00bb][\/vc_column_inner][\/vc_row_inner][\/vc_column][\/vc_row][vc_row full_width=\u00a0\u00bbstretch_row_content_no_spaces\u00a0\u00bb equal_height=\u00a0\u00bbyes\u00a0\u00bb content_placement=\u00a0\u00bbmiddle\u00a0\u00bb css=\u00a0\u00bb.vc_custom_1485807623748{margin-top: 0px !important;margin-bottom: 0px !important;}\u00a0\u00bb][vc_column width=\u00a0\u00bb1\/2&Prime; css=\u00a0\u00bb.vc_custom_1484913356298{margin-top: 0px !important;margin-bottom: 0px !important;padding-top: 0px !important;padding-bottom: 0px !important;}\u00a0\u00bb][vc_row_inner css=\u00a0\u00bb.vc_custom_1484912646867{margin-top: 0px !important;margin-bottom: 0px !important;padding-top: 0px !important;padding-bottom: 0px !important;}\u00a0\u00bb][vc_column_inner][vc_single_image image=\u00a0\u00bb1707&Prime; img_size=\u00a0\u00bbfull\u00a0\u00bb alignment=\u00a0\u00bbcenter\u00a0\u00bb css=\u00a0\u00bb.vc_custom_1572170735715{margin-right: 0px !important;margin-bottom: 0px !important;margin-left: 0px !important;padding-top: 0px !important;padding-right: 0px !important;padding-bottom: 0px !important;padding-left: 0px !important;}\u00a0\u00bb][\/vc_column_inner][\/vc_row_inner][\/vc_column][vc_column width=\u00a0\u00bb1\/2&Prime; css=\u00a0\u00bb.vc_custom_1484914115282{padding-top: 0px !important;padding-right: 15% !important;padding-left: 15% !important;background-color: #fff4f4 !important;}\u00a0\u00bb][vc_custom_heading text=\u00a0\u00bbL&rsquo;atmosph\u00e8re du Moyen \u00c2ge\u00a0\u00bb font_container=\u00a0\u00bbtag:h3|text_align:left|color:%23c09e6f\u00a0\u00bb use_theme_fonts=\u00a0\u00bbyes\u00a0\u00bb][vc_column_text]En se promenant autour du ch\u00e2teau vous avez l\u2019impression de voir un chevalier ou un moine sortir d\u2019une porte de la tour et c\u2019est tout \u00e0 fait normal car la sensation d\u2019\u00eatre au Moyen Age est tr\u00e8s forte dans le ch\u00e2teau.<\/p>\n<p>Et si vous aurez la chance de trouver un petit bout de bois ancien \u2013 un petit morceau du pass\u00e9 qui lui aussi ne va pas tarder \u00e0 dispara\u00eetre, vous allez tout de suite comprendre que cet endroit \u00e9tait choisi il y a tr\u00e8s longtemps, dans les environs de l\u2019an 1000 par les Burgondes pour la construction d\u2019une place forte en bois, dont il ne reste pratiquement plus rien et c\u2019est pourquoi dans les salles du ch\u00e2teau vous trouverez des portraits des grand seigneurs, des panoplies et des multiples blasons.[\/vc_column_text][\/vc_column][\/vc_row][vc_row full_width=\u00a0\u00bbstretch_row_content_no_spaces\u00a0\u00bb equal_height=\u00a0\u00bbyes\u00a0\u00bb content_placement=\u00a0\u00bbmiddle\u00a0\u00bb css=\u00a0\u00bb.vc_custom_1570120267561{margin-top: 0px !important;margin-bottom: 0px !important;}\u00a0\u00bb][vc_column width=\u00a0\u00bb1\/2&Prime; css=\u00a0\u00bb.vc_custom_1572170139530{padding-right: 15% !important;padding-left: 15% !important;background-color: #ffffff !important;}\u00a0\u00bb][vc_custom_heading text=\u00a0\u00bbGrands appartements\u00a0\u00bb font_container=\u00a0\u00bbtag:h3|text_align:left|color:%23c09e6f\u00a0\u00bb use_theme_fonts=\u00a0\u00bbyes\u00a0\u00bb][vc_column_text]R\u00e9cemment r\u00e9nov\u00e9s, les appartements sont d\u00e9cor\u00e9s par des objets et \u00e9l\u00e9ments des diff\u00e9rentes \u00e9poques: tableaux, chemin\u00e9es, commodes etc. Tout cela cr\u00e9e une ambiance inoubliable o\u00f9 le pr\u00e9sent se marie tr\u00e8s bien avec le pass\u00e9.[\/vc_column_text][\/vc_column][vc_column width=\u00a0\u00bb1\/2&Prime; css=\u00a0\u00bb.vc_custom_1484912654284{margin-top: 0px !important;margin-bottom: 0px !important;padding-top: 0px !important;padding-bottom: 0px !important;}\u00a0\u00bb][vc_row_inner css=\u00a0\u00bb.vc_custom_1484912646867{margin-top: 0px !important;margin-bottom: 0px !important;padding-top: 0px !important;padding-bottom: 0px !important;}\u00a0\u00bb][vc_column_inner][vc_single_image image=\u00a0\u00bb1765&Prime; img_size=\u00a0\u00bbfull\u00a0\u00bb alignment=\u00a0\u00bbcenter\u00a0\u00bb css=\u00a0\u00bb.vc_custom_1572170774665{margin-top: 0px !important;margin-right: 0px !important;margin-bottom: 0px !important;margin-left: 0px !important;padding-top: 0px !important;padding-right: 0px !important;padding-bottom: 0px !important;padding-left: 0px !important;}\u00a0\u00bb][\/vc_column_inner][\/vc_row_inner][\/vc_column][\/vc_row][vc_row css=\u00a0\u00bb.vc_custom_1572174245262{margin-top: 100px !important;margin-bottom: 100px !important;padding-bottom: 0px !important;}\u00a0\u00bb][vc_column][vc_single_image image=\u00a0\u00bb809&Prime; img_size=\u00a0\u00bbfull\u00a0\u00bb alignment=\u00a0\u00bbcenter\u00a0\u00bb css=\u00a0\u00bb.vc_custom_1485514632308{margin-bottom: 0px !important;padding-bottom: 0px !important;}\u00a0\u00bb][vc_custom_heading text=\u00a0\u00bbVoici ce que nos clients disent\u00a0\u00bb font_container=\u00a0\u00bbtag:h1|text_align:center|color:%23000000&Prime; use_theme_fonts=\u00a0\u00bbyes\u00a0\u00bb]<div class=\"carousel single wpb_content_element flickity-carousel  item-count-1\" data-flickity='{ \"pageDots\": true, \"prevNextButtons\": true, \"groupCells\": false, \"contain\" : true, \"cellAlign\": \"left\", \"adaptiveHeight\": false, \"imagesLoaded\": true, \"setGallerySize\": true, \"autoPlay\": 3000 }'>\n<div class=\"ozy-caroseul_item testimonial carousel-cell \">\n<div class=\"testimonial\">\n<p class=\"testimonial-quote heading-font\">This is a beautiful place for our family to stay. It is full of personality and character and we really enjoyed it. The \u201cchill zone\u201d was an amazing place to have our dinner and look out over the lake, up at the mountains and across at the castle. We learned that there is a light rail stop right up from the chateau on the other side of the vineyard that directly brings you to the Montreux train station. It leaves from track 5 at Montreux. Make sure you signal your stop at the Chateau Chatelard for the train to stop. It goes about 2\/hr and only takes a couple of minutes to get back and forth from Montreux. We would stay here again!<\/p>\n<span class=\"testimonial-author content-color heading-font\">Linde<\/span>\n<\/div>\n<\/div>\n\n<div class=\"ozy-caroseul_item testimonial carousel-cell \">\n<div class=\"testimonial\">\n<p class=\"testimonial-quote heading-font\">We really enjoyed our stay at Chateau De Chatelard - Montreux Palace ;it\u2019s an amazing feeling to stay at the castle; the view from the castle is stunning; the castle interiors are beautiful and is cooler than outside (especially when we arrived here during the heat wave period). Edgar is a very nice person and he infact helped us to get to the castle from the Montreux station as well as offered a ride back to the station when we were running late for our train. He is a very professional as well as jovial person to talk to and was always a message away whenever we needed something; He made sure that we were comfortable during our 2 night stay.<\/p>\n<span class=\"testimonial-author content-color heading-font\">Krishna<\/span>\n<\/div>\n<\/div>\n\n<div class=\"ozy-caroseul_item testimonial carousel-cell \">\n<div class=\"testimonial\">\n<p class=\"testimonial-quote heading-font\">How cool to say you&#039;re staying in a castle! The views are amazing- from the courtyard and the windows. The beds are comfy, the place is pretty spacious and overall I enjoyed my stay. Also it&#039;s actually really easy to walk down from the castle into town, or to the train. Walking back up is a bit more of a challenge because of the hills. Would def stay again!<\/p>\n<span class=\"testimonial-author content-color heading-font\">Kira<\/span>\n<\/div>\n<\/div>\n\n<div class=\"ozy-caroseul_item testimonial carousel-cell \">\n<div class=\"testimonial\">\n<p class=\"testimonial-quote heading-font\">This was our first trip to Montreux and we had a wonderful time. Being able to wake up every morning in a 14th century castle made our experience even more special. We also loved hearing the faint sound of Swiss cowbells coming from the cow pasture adjacent to our room. The view from Ch\u00e2teau du Ch\u00e2telard is breathtaking. I know other have said the same thing but his really cannot be overstated. The living space was quite a bit larger than I expected and the accommodations were very comfortable. The staff were excellent and very attentive. Check in and check out were easy. At check out, one of the grounds workers actually drove us to the Montreux train station so we wouldn&#039;t have to call an Uber or lug our bags to the Ch\u00e2telard train stop. Overall, we had a wonderful time staying at Ch\u00e2teau du Ch\u00e2telard and would absolutely recommend this place to others. We certainly hope to stay here again!<\/p>\n<span class=\"testimonial-author content-color heading-font\">Phillip<\/span>\n<\/div>\n<\/div>\n\n<div class=\"ozy-caroseul_item testimonial carousel-cell \">\n<div class=\"testimonial\">\n<p class=\"testimonial-quote heading-font\">A really lovely location, amazing view of Montreux, in an authentic 13th century castle! It&#039;s so amazing to see the castle from the hill as you approach. I think they&#039;re new to airBnB so they&#039;re still working out a few kinks, but Alex and the housekeeper ( a really lovely young lady) are really responsive if you ask for what you need.<\/p>\n<span class=\"testimonial-author content-color heading-font\">Noreen<\/span>\n<\/div>\n<\/div>\n\n<div class=\"ozy-caroseul_item testimonial carousel-cell \">\n<div class=\"testimonial\">\n<p class=\"testimonial-quote heading-font\">This was such a gorgeous place to stay! The view is unbeatable, the apartment is a real treat, and the grounds are like a fairy tale. It&#039;s a quick walk down the hill to the town, and especially easy to get to the Montreux ferry landing to take the boat anywhere you&#039;d like on the lake. Checking in and out was seamless and easy, and the hosts were super responsive and helpful with all our questions! I&#039;ve already recommended this place to all my friends!<\/p>\n<span class=\"testimonial-author content-color heading-font\">Amanda<\/span>\n<\/div>\n<\/div>\n\n<div class=\"ozy-caroseul_item testimonial carousel-cell \">\n<div class=\"testimonial\">\n<p class=\"testimonial-quote heading-font\">If you are considering booking this place, do yourself a favor and DO IT. It was GORGEOUS!!!!! The pictures we got werE BREATHTAKING. The room was enormous! Five stars!! I wish we\u2019d gotten some background on the castle\/room we stayed in but the views alone were stunning. Also Edgar met us in the lot and helped us with our luggage. Such a unique, beautiful stay!<\/p>\n<span class=\"testimonial-author content-color heading-font\">Kayla<\/span>\n<\/div>\n<\/div>\n\n<div class=\"ozy-caroseul_item testimonial carousel-cell \">\n<div class=\"testimonial\">\n<p class=\"testimonial-quote heading-font\">If you&#039;re looking for a comfortable, unique stay in a lovely setting in Montreaux, this is the place to be. We loved our room at George&#039;s castle in Montreaux. The view of the lake below from the castle is amazing, the rooms are nice and roomy, and everything was very comfortable (except perhaps for the room temp, which was a bit cool when we arrived; so be sure to pack a sweater to wear inside in summer). The towels were great, beds comfy and we had everything we needed. The castle is up on a hill overlooking the town of Montreaux, so not right in the center of town, but that&#039;s a plus a its nice and peaceful, has great views, and we enjoyed walking into town to visit (just be prepared for a steep uphill walk back). We arrived late as our flight into Geneva was delayed several hours, but were greeted for an after-hours check-in. We&#039;ll definitely be back next time we&#039;re in Montreaux!<\/p>\n<span class=\"testimonial-author content-color heading-font\">Sandra<\/span>\n<\/div>\n<\/div>\n\n<div class=\"ozy-caroseul_item testimonial carousel-cell \">\n<div class=\"testimonial\">\n<p class=\"testimonial-quote heading-font\">We spent a really nice time at the castle enjoying the view and sunsets from the castle\u2018s court and outside lounge! The appartment is comfortable (the kitchen could do with some more equipment). The hosts are very friendly! For all our excursions we took the train from the station \u201eChatelard\u201c, ten minutes from the castle.<\/p>\n<span class=\"testimonial-author content-color heading-font\">Brigitte<\/span>\n<\/div>\n<\/div>\n\n<div class=\"ozy-caroseul_item testimonial carousel-cell \">\n<div class=\"testimonial\">\n<p class=\"testimonial-quote heading-font\">Excellent communication, super clean and beautifully decorated apartment with great views and authentic castle experience. All rooms in our apartment had individually controlled radiators so temperature could be increased to suit personal taste in each room.<\/p>\n<span class=\"testimonial-author content-color heading-font\">Elaine<\/span>\n<\/div>\n<\/div>\n\n<div class=\"ozy-caroseul_item testimonial carousel-cell \">\n<div class=\"testimonial\">\n<p class=\"testimonial-quote heading-font\">One of a kind! We had a wonderful stay and the room was much better than the pictures show. It was much larger &amp; more modern than we expected &amp; staying a castle is amazing. The check in process was seamless thanks to Edgar he was on time &amp; extremely helpful during our stay, we asked for a fan due to unseasonal warm weather &amp; they bought one for our stay plus a wonderful hairdryer!!!! you can\u2019t beat the location in an old castle that you can see from all the local lake towns. There are cute cows on the property a wonderful terrace to relax in as well as the vineyards. I would definitely stay here again!<\/p>\n<span class=\"testimonial-author content-color heading-font\">Kelly<\/span>\n<\/div>\n<\/div>\n\n<div class=\"ozy-caroseul_item testimonial carousel-cell \">\n<div class=\"testimonial\">\n<p class=\"testimonial-quote heading-font\">It was soo cool staying in a castle!! The view from the terrace area (which was a very short walk from the room) was spectacular!! It was very peaceful. The beds were comfortable, the water was hot and checkin was easy! We all loved it!!<\/p>\n<span class=\"testimonial-author content-color heading-font\">DougnTina<\/span>\n<\/div>\n<\/div>\n\n<div class=\"ozy-caroseul_item testimonial carousel-cell \">\n<div class=\"testimonial\">\n<p class=\"testimonial-quote heading-font\">Overall the apartment is nice. Clean, close to train stop, with beautiful views of the lake and the city. Definitely felt special to stay in such a neat place. The actual castle was under renovations when we visited. There are several rooms\/apartments within the property.<\/p>\n<span class=\"testimonial-author content-color heading-font\">Kristen<\/span>\n<\/div>\n<\/div>\n<\/div><span  id=\"wofcb-86308\" class=\"ozy-custom_button_w\"><a id=\"ofcb-86308\" class=\"ozy-custom_button ocbtn-6\"  href=\"http:\/\/chateauchatelard.ch\/en\/apartments\/\"  target=\"\" >R\u00c9SERVATION D&#039;APPARTEMENT<span><\/span><\/a><\/span>[\/vc_column][\/vc_row]<\/p>","protected":false},"excerpt":{"rendered":"<p>[vc_row full_width=\u00a0\u00bbstretch_row_content\u00a0\u00bb css=\u00a0\u00bb.vc_custom_1570288087272{margin-top: 0px !important;margin-bottom: 0px !important;padding-top: 200px !important;padding-bottom: 100px !important;background-image: url(https:\/\/s3-eu-west-1.amazonaws.com\/wedding-planner\/uploads\/01\/floral_pattern.png?id=826) !important;background-position: 0 0 !important;background-repeat: repeat !important;}\u00a0\u00bb][vc_column width=\u00a0\u00bb1\/2&Prime;][vc_row_inner css=\u00a0\u00bb.vc_custom_1485519462992{padding-right: 15% !important;padding-left: 15% !important;}\u00a0\u00bb][vc_column_inner][vc_custom_heading text=\u00a0\u00bbBEAUX ENDROITS EN SUISSE\u00a0\u00bb font_container=\u00a0\u00bbtag:h5|text_align:left|color:%23c09e6f\u00a0\u00bb use_theme_fonts=\u00a0\u00bbyes\u00a0\u00bb [&hellip;]<\/p>\n","protected":false},"author":1,"featured_media":0,"parent":0,"menu_order":0,"comment_status":"closed","ping_status":"closed","template":"page-full.php","meta":[],"_links":{"self":[{"href":"https:\/\/chateauchatelard.ch\/FR\/wp-json\/wp\/v2\/pages\/207"}],"collection":[{"href":"https:\/\/chateauchatelard.ch\/FR\/wp-json\/wp\/v2\/pages"}],"about":[{"href":"https:\/\/chateauchatelard.ch\/FR\/wp-json\/wp\/v2\/types\/page"}],"author":[{"embeddable":true,"href":"https:\/\/chateauchatelard.ch\/FR\/wp-json\/wp\/v2\/users\/1"}],"replies":[{"embeddable":true,"href":"https:\/\/chateauchatelard.ch\/FR\/wp-json\/wp\/v2\/comments?post=207"}],"version-history":[{"count":45,"href":"https:\/\/chateauchatelard.ch\/FR\/wp-json\/wp\/v2\/pages\/207\/revisions"}],"predecessor-version":[{"id":2479,"href":"https:\/\/chateauchatelard.ch\/FR\/wp-json\/wp\/v2\/pages\/207\/revisions\/2479"}],"wp:attachment":[{"href":"https:\/\/chateauchatelard.ch\/FR\/wp-json\/wp\/v2\/media?parent=207"}],"curies":[{"name":"wp","href":"https:\/\/api.w.org\/{rel}","templated":true}]}}